{"id":244,"date":"2018-11-08T20:13:34","date_gmt":"2018-11-08T19:13:34","guid":{"rendered":"http:\/\/bzzyk-band.pl\/index.php\/hestia-front\/"},"modified":"2024-03-11T22:12:16","modified_gmt":"2024-03-11T21:12:16","slug":"hestia-front","status":"publish","type":"page","link":"https:\/\/bzzyk-band.pl\/","title":{"rendered":"DJ \/ ZESP\u00d3\u0141"},"content":{"rendered":"\n<p><strong>Opcja I &#8211; Solo&nbsp;<\/strong><\/p>\n\n\n\n<p>\ud83d\udca5-DJ \/ WODZIREJ \/ AKORDEON 3w1<\/p>\n\n\n\n<p>-prowadzenie wesela od A do Z<\/p>\n\n\n\n<p>\ud83d\udca5biesiada na \u017cywo z akordeonem \ud83e\ude97 (na \u017cyczenie) od po\u0142owy filmu \ud83d\udc47<br><\/p>\n\n\n\n<figure class=\"wp-block-image size-full\"><a href=\"https:\/\/www.tiktok.com\/@prof.dzwiekudrbzzyk\/video\/7343293537347194145\" target=\"_blank\" rel=\"noreferrer noopener\"><img loading=\"lazy\" decoding=\"async\" width=\"351\" height=\"512\" src=\"http:\/\/bzzyk-band.pl\/wp-content\/uploads\/2024\/03\/Zrzut-ekranu-2024-03-8-o-12.58.57.png\" alt=\"\" class=\"wp-image-435\" srcset=\"https:\/\/bzzyk-band.pl\/wp-content\/uploads\/2024\/03\/Zrzut-ekranu-2024-03-8-o-12.58.57.png 351w, https:\/\/bzzyk-band.pl\/wp-content\/uploads\/2024\/03\/Zrzut-ekranu-2024-03-8-o-12.58.57-206x300.png 206w, https:\/\/bzzyk-band.pl\/wp-content\/uploads\/2024\/03\/Zrzut-ekranu-2024-03-8-o-12.58.57-230x335.png 230w\" sizes=\"auto, (max-width: 351px) 100vw, 351px\" \/><\/a><\/figure>\n\n\n\n<p>-oczepiny\ud83e\udd73&nbsp;<a href=\"http:\/\/m.in\/\">m.in<\/a>. Jaka to Melodia<\/p>\n\n\n\n<p>-zabawy integracyjne, belgijka&nbsp;<\/p>\n\n\n\n<p><strong>&#8211;<a href=\"http:\/\/-zawodowe nag\u0142o\u015bnienie i o\u015bwietlenie\ud83d\udc47\u00a0 \u00a0 \u00a0 \u00a0 \u00a0 \u00a0 \u00a0 \u00a0 \u00a0 \u00a0 \u00a0 \u00a0 \u00a0 \u00a0 \u00a0 \u00a0 \u00a0 \u00a0 \u00a0https:\/\/vm.tiktok.com\/ZGe1sRxvB\/\">zawodowe nag\u0142o\u015bnienie i o\u015bwietlenie<\/a><\/strong>\ud83d\udc47\u00a0 \u00a0 \u00a0 \u00a0 \u00a0 \u00a0 \u00a0 \u00a0 \u00a0 \u00a0 \u00a0 \u00a0 \u00a0 \u00a0 \u00a0 \u00a0 \u00a0 \u00a0<br>\u00a0<br>-ogromne do\u015bwiadczenie w prowadzeniu wszelkich imprez, r\u00f3wnie\u017c jako konferansjer \ud83d\udcaa<\/p>\n\n\n\n<p><\/p>\n\n\n\n<p><strong>Opcja II &#8211; Duet<\/strong><\/p>\n\n\n\n<p>\ud83d\udca5SAKSOFON \ud83c\udfb7+ DJ \/ WODZIREJ<\/p>\n\n\n\n<p>&nbsp; &nbsp; &nbsp; &nbsp; &nbsp; &nbsp;\ud83d\udc47<\/p>\n\n\n\n<figure class=\"wp-block-embed is-type-video is-provider-youtube wp-block-embed-youtube wp-embed-aspect-16-9 wp-has-aspect-ratio\"><div class=\"wp-block-embed__wrapper\">\n<iframe loading=\"lazy\" title=\"Prof. d\u017awi\u0119ku dr Bzzyk\" width=\"1170\" height=\"658\" src=\"https:\/\/www.youtube.com\/embed\/cTjJZyvnWSo\" frameborder=\"0\" allow=\"accelerometer; autoplay; clipboard-write; encrypted-media; gyroscope; picture-in-picture; web-share\" allowfullscreen><\/iframe>\n<\/div><\/figure>\n\n\n\n<p><strong>Opcja III -Trio<\/strong><\/p>\n\n\n\n<p>\ud83d\udca5WOKALISTKA lub \ud83d\udca5WOKALISTA z The Voice of Poland \ud83c\udfa4&nbsp; &nbsp; \ud83d\udc47&nbsp;<\/p>\n\n\n\n<figure class=\"wp-block-embed is-type-video is-provider-youtube wp-block-embed-youtube wp-embed-aspect-16-9 wp-has-aspect-ratio\"><div class=\"wp-block-embed__wrapper\">\n<iframe loading=\"lazy\" title=\"The Voice of Poland - Micha\u0142 Jab\u0142o\u0144ski - \u201eOne&quot;\" width=\"1170\" height=\"658\" src=\"https:\/\/www.youtube.com\/embed\/hJ36yzjle8Q\" frameborder=\"0\" allow=\"accelerometer; autoplay; clipboard-write; encrypted-media; gyroscope; picture-in-picture; web-share\" allowfullscreen><\/iframe>\n<\/div><\/figure>\n\n\n\n<figure class=\"wp-block-embed is-type-video is-provider-youtube wp-block-embed-youtube wp-embed-aspect-16-9 wp-has-aspect-ratio\"><div class=\"wp-block-embed__wrapper\">\n<iframe loading=\"lazy\" title=\"The Voice of Poland - Micha\u0142 Jab\u0142o\u0144ski - &quot;Sweet Home Chicago&quot;\" width=\"1170\" height=\"658\" src=\"https:\/\/www.youtube.com\/embed\/hpQM3y0C3pE\" frameborder=\"0\" allow=\"accelerometer; autoplay; clipboard-write; encrypted-media; gyroscope; picture-in-picture; web-share\" allowfullscreen><\/iframe>\n<\/div><\/figure>\n\n\n\n<p><strong>+SAKSOFON \ud83c\udfb7 + DJ \/ WODZIREJ<\/strong><\/p>\n\n\n\n<p>Oferujemy po\u0142\u0105czenie ZESPO\u0141U MUZYCZNEGO z DJ\u2019em<\/p>\n\n\n\n<p>W ofercie zespo\u0142u muzycznego :&nbsp;<\/p>\n\n\n\n<ul class=\"wp-block-list\">\n<li>wokalistka<\/li>\n\n\n\n<li>saksofon<\/li>\n\n\n\n<li>perkusja<\/li>\n\n\n\n<li>gitara<\/li>\n\n\n\n<li>skrzypce<\/li>\n\n\n\n<li>tr\u0105bka<\/li>\n\n\n\n<li>wokalista&nbsp;<\/li>\n\n\n\n<li>instr. klawiszowe<\/li>\n\n\n\n<li>akordeon<\/li>\n<\/ul>\n","protected":false},"excerpt":{"rendered":"<p>Opcja I &#8211; Solo&nbsp; \ud83d\udca5-DJ \/ WODZIREJ \/ AKORDEON 3w1 -prowadzenie wesela od A do Z \ud83d\udca5biesiada na \u017cywo z akordeonem \ud83e\ude97 [&hellip;]<\/p>\n","protected":false},"author":1,"featured_media":0,"parent":0,"menu_order":0,"comment_status":"closed","ping_status":"closed","template":"","meta":{"footnotes":""},"class_list":["post-244","page","type-page","status-publish","hentry"],"_links":{"self":[{"href":"https:\/\/bzzyk-band.pl\/index.php\/wp-json\/wp\/v2\/pages\/244","targetHints":{"allow":["GET"]}}],"collection":[{"href":"https:\/\/bzzyk-band.pl\/index.php\/wp-json\/wp\/v2\/pages"}],"about":[{"href":"https:\/\/bzzyk-band.pl\/index.php\/wp-json\/wp\/v2\/types\/page"}],"author":[{"embeddable":true,"href":"https:\/\/bzzyk-band.pl\/index.php\/wp-json\/wp\/v2\/users\/1"}],"replies":[{"embeddable":true,"href":"https:\/\/bzzyk-band.pl\/index.php\/wp-json\/wp\/v2\/comments?post=244"}],"version-history":[{"count":28,"href":"https:\/\/bzzyk-band.pl\/index.php\/wp-json\/wp\/v2\/pages\/244\/revisions"}],"predecessor-version":[{"id":449,"href":"https:\/\/bzzyk-band.pl\/index.php\/wp-json\/wp\/v2\/pages\/244\/revisions\/449"}],"wp:attachment":[{"href":"https:\/\/bzzyk-band.pl\/index.php\/wp-json\/wp\/v2\/media?parent=244"}],"curies":[{"name":"wp","href":"https:\/\/api.w.org\/{rel}","templated":true}]}}