{"id":131,"date":"2016-02-26T22:38:19","date_gmt":"2016-02-26T21:38:19","guid":{"rendered":"http:\/\/bzzyk-band.pl\/?page_id=131"},"modified":"2018-11-08T19:29:40","modified_gmt":"2018-11-08T18:29:40","slug":"start","status":"publish","type":"page","link":"https:\/\/bzzyk-band.pl\/index.php\/start\/","title":{"rendered":"Start"},"content":{"rendered":"\t\t\r\n\t\t<!-- Begin Video.js Responsive Wrapper -->\r\n\t\t<div style='max-width:1100px'>\r\n\t\t\t<div class='video-wrapper' style='padding-bottom:54.545454545455%;'>\r\n\t\t\t\t\r\n\t<!-- Begin Video.js -->\r\n\t<video id=\"example_video_id_858495057\" class=\"video-js vjs-default-skin\" width=\"1100\" height=\"600\" controls preload=\"auto\" autoplay loop data-setup='[]'>\r\n\t\t<source src=\"http:\/\/bzzyk-band.pl\/video\/bzyk_strona2.mp4\" type='video\/mp4' \/>\r\n\t\t\r\n\t\t\r\n\t<\/video>\r\n\t<!-- End Video.js -->\r\n\r\n\t\t\t<\/div>\r\n\t\t<\/div>\r\n\t\t<!-- End Video.js Responsive Wrapper -->\r\n\t\t\n<p>&nbsp;<\/p>\n<div class=\"style\">\n<p class=\"paragraph_style\">Agencja muzyczna &#8222;Bzzyk-Band&#8221; specjalizuje si\u0119 w oprawie artystycznej wszelkiego rodzaju imprez okoliczno\u015bciowych, takich jak: imprezy firmowe, przyj\u0119cia weselne, bale studni\u00f3wkowe, bale sylwestrowe, bankiety itp.<\/p>\n<p class=\"paragraph_style\">Muzyczne wykszta\u0142cenie i do\u015bwiadczenie os\u00f3b tworz\u0105cych &#8222;BZZYK-BAND&#8221; oraz fakt, i\u017c skupiamy w swoich szeregach m.in. laureat\u00f3w popularnych program\u00f3w X-FACTOR oraz SZANSA NA SUKCES gwarantuje najwy\u017csz\u0105 jako\u015b\u0107 us\u0142ug podczas przyj\u0119cia.<\/p>\n<p class=\"paragraph_style\">Zesp\u00f3\u0142 muzyczny &#8222;Bzzyk-Band&#8221; jest laureatem I miejsca Targ\u00f3w \u015alubnych, kt\u00f3re odby\u0142y si\u0119 w Pa\u0142acu Kultury i Nauki. Wyczyn ten powt\u00f3rzy\u0142 podczas Mi\u0119dzynarodowych Targ\u00f3w \u015alubnych na warszawskim Torwarze potwierdzaj\u0105c tym samym swoj\u0105 klas\u0119.<\/p>\n<p class=\"paragraph_style\">Podstawowy sk\u0142ad zespo\u0142u obejmuje 4 osoby: instrumenty klawiszowe, wokalistka, wokalista-konferansjer\/wodzirej, saksofon. Bardzo cz\u0119sto gramy r\u00f3wnie\u017c z perkusj\u0105, kt\u00f3ra jest pierwszym instrumentem o jaki najch\u0119tniej rozszerzamy nasz sk\u0142ad. Po za tym na \u017cyczenie Klienta dobierzemy ka\u017cdy instrument. Zesp\u00f3\u0142 gra bardzo szeroki repertuar i dostosowuje go do potrzeb Klienta od jazzu, przez rock, pop, disco po biesiad\u0119. Zesp\u00f3\u0142 gra na terenie ca\u0142ego kraju od Ba\u0142tyku a\u017c do Tatr jak r\u00f3wnie\u017c, musimy si\u0119 pochwali\u0107, a jak\u017ce, koncertowa\u0142 ostatnio na ekskluzywnym przyj\u0119ciu weselnym na Lazurowym Wybrze\u017cu. Mamy w planach tourne po Ameryce\u2026ale na razie jeszcze nikt nas nie zaprosi\u0142 \ud83d\ude09<\/p>\n<p class=\"paragraph_style\">A teraz najcz\u0119\u015bciej zadawane pytania naszych Klient\u00f3w, kt\u00f3re z pewno\u015bci\u0105 b\u0119d\u0105 te\u017c odpowiedziami na Twoje pytania i pomog\u0105 w decyzji:<\/p>\n<p class=\"paragraph_style\">Jak d\u0142ugie s\u0105 sety i jak d\u0142ugie przerwy?- 40min gry\/15-20 min przerwy. Aczkolwiek ka\u017cda impreza jest indywidualna i \u017cyje w\u0142asnym \u017cyciem dlatego te\u017c blok muzyczny mo\u017ce trwa\u0107 30 min lub godzin\u0119 w zale\u017cno\u015bci od sytuacji na parkiecie i charakteru imprezy.<\/p>\n<p class=\"paragraph_style\">Czy puszczacie muzyk\u0119 w przerwach grania zespo\u0142u?-TAK<br \/>\nCzy gracie na terenie ca\u0142ego kraju?-TAK a nawet po za jego granicami.<br \/>\nCzy posiadacie w\u0142asne nag\u0142o\u015bnienie i o\u015bwietlenie i czy jest w cenie? \u2013TAK<br \/>\nCzy gracie jazz?- TAK<br \/>\nCzy robicie biesiad\u0119 przy sto\u0142ach?-TAK ,na \u017cyczenie Klienta.<br \/>\nCzy prowadzicie wesele w j\u0119zyku angielskim \/ niemieckim?-TAK.<br \/>\nCzy mo\u017cliwe jest aby po p\u00f3\u0142nocy poprowadzi\u0107 przyj\u0119cie w formie dj ?-TAK<br \/>\nCzy repertuar na Waszej stronie jest pe\u0142ny?- Nie jest pe\u0142ny, poniewa\u017c nie spos\u00f3b tego wszystkiego spisa\u0107 gdy\u017c wsp\u00f3\u0142pracujemy z kilkoma muzykami\/wokalistami, kt\u00f3rzy maj\u0105 r\u00f3\u017cny repertuar, kt\u00f3ry dostosowujemy ( a co za tym idzie muzyk\u00f3w) do potrzeb, wymaga\u0144 i upodoba\u0144 Klienta.<br \/>\nCzy mo\u017cemy zrobi\u0107 rezerwacj\u0119 wst\u0119pn\u0105 ( ustn\u0105)? &#8211; Nie. Taka rezerwacja nie jest zobowi\u0105zuj\u0105ca dla \u017cadnej ze stron. Warunkiem rezerwacji jest podpisanie umowy.<\/p>\n<p class=\"paragraph_style\">A teraz pytania, kt\u00f3re sp\u0119dzaj\u0105 nam sen z powiek :<br \/>\nCzy gracie muzyk\u0119 disco polo? \u2013TAK<br \/>\nCzy mo\u017cecie nie gra\u0107 w og\u00f3le disco polo?- TAK<\/p>\n<p class=\"paragraph_style\">Na koniec bardzo nieskromne spostrze\u017cenie:<\/p>\n<p class=\"paragraph_style\">Na przestrzeni ostatnich lat nasi Klienci bardzo cz\u0119sto nie s\u0105 zadowoleni\u2026. \u2026 S\u0105 zachwyceni, a to istotna r\u00f3\u017cnica. Mam nadziej\u0119, \u017ce do\u0142\u0105czysz do tego grona.<\/p>\n<p class=\"paragraph_style\">Pozdrawiam naszych by\u0142ych oraz przysz\u0142ych Klient\u00f3w.<\/p>\n<p class=\"paragraph_style\">Prezydent Agencji Muzycznej Profesor D\u017awi\u0119ku dr Bzzyk \ud83d\ude09<\/p>\n<\/div>\n","protected":false},"excerpt":{"rendered":"<p>&nbsp; Agencja muzyczna &#8222;Bzzyk-Band&#8221; specjalizuje si\u0119 w oprawie artystycznej wszelkiego rodzaju imprez okoliczno\u015bciowych, takich jak: imprezy firmowe, przyj\u0119cia weselne, bale studni\u00f3wkowe, bale [&hellip;]<\/p>\n","protected":false},"author":1,"featured_media":0,"parent":0,"menu_order":0,"comment_status":"closed","ping_status":"closed","template":"","meta":{"footnotes":""},"class_list":["post-131","page","type-page","status-publish","hentry"],"_links":{"self":[{"href":"https:\/\/bzzyk-band.pl\/index.php\/wp-json\/wp\/v2\/pages\/131","targetHints":{"allow":["GET"]}}],"collection":[{"href":"https:\/\/bzzyk-band.pl\/index.php\/wp-json\/wp\/v2\/pages"}],"about":[{"href":"https:\/\/bzzyk-band.pl\/index.php\/wp-json\/wp\/v2\/types\/page"}],"author":[{"embeddable":true,"href":"https:\/\/bzzyk-band.pl\/index.php\/wp-json\/wp\/v2\/users\/1"}],"replies":[{"embeddable":true,"href":"https:\/\/bzzyk-band.pl\/index.php\/wp-json\/wp\/v2\/comments?post=131"}],"version-history":[{"count":40,"href":"https:\/\/bzzyk-band.pl\/index.php\/wp-json\/wp\/v2\/pages\/131\/revisions"}],"predecessor-version":[{"id":175,"href":"https:\/\/bzzyk-band.pl\/index.php\/wp-json\/wp\/v2\/pages\/131\/revisions\/175"}],"wp:attachment":[{"href":"https:\/\/bzzyk-band.pl\/index.php\/wp-json\/wp\/v2\/media?parent=131"}],"curies":[{"name":"wp","href":"https:\/\/api.w.org\/{rel}","templated":true}]}}